{"id":50,"date":"2012-01-04T21:20:28","date_gmt":"2012-01-04T20:20:28","guid":{"rendered":"http:\/\/seidrob.utopiafactory.com\/?page_id=50"},"modified":"2019-11-20T11:36:22","modified_gmt":"2019-11-20T10:36:22","slug":"presentacion-2","status":"publish","type":"page","link":"https:\/\/seidrob.es\/en\/","title":{"rendered":"Home"},"content":{"rendered":"<p>[vc_row][vc_column][vc_column_text]<\/p>\n<p style=\"text-align: left;\"><strong>Spanish Society for Research and Development in\u00a0<\/strong><strong>Robotics<\/strong><\/p>\n<p>[\/vc_column_text][vc_separator color=&#8221;custom&#8221; border_width=&#8221;3&#8243; accent_color=&#8221;#004299&#8243;][vc_empty_space][vc_single_image image=&#8221;323&#8243; img_size=&#8221;full&#8221;][vc_empty_space][vc_column_text]SEIDROB was established in November 2011 in response to the growing interest in research and development in robotics, integrating the efforts of existing associations, groups and networks. The founding members were researchers from seven universities and three research centres who were actively involved in five associations related to robotics and other fields considered of interest to its future application and development.<\/p>\n<p>SEIDROB invites all members of the Spanish robotics research and development community to join and participate in its activities, seek collaboration and contribute to the development of robotics in Spain.[\/vc_column_text][vc_empty_space][vc_column_text]<\/p>\n<h1><strong>NEWS<\/strong><\/h1>\n<p>[\/vc_column_text][vc_separator color=&#8221;custom&#8221; border_width=&#8221;3&#8243; accent_color=&#8221;#004299&#8243;][vc_empty_space]<div id=\"sc_blogger_1001761508\" class=\"sc_blogger layout_excerpt template_excerpt  sc_blogger_horizontal\">\t\t<div class=\"post_item post_item_excerpt post_featured_center post_format_standard odd post-867 post type-post status-publish format-standard hentry category-news\">\r\n\t\t\t<h3 class=\"post_title\"><a href=\"https:\/\/seidrob.es\/en\/modificacion-del-orden-del-dia-de-la-asamblea-general-de-seidrob\/\">Modificaci\u00f3n del orden del d\u00eda de la Asamblea General de SEIDROB<\/a><\/h3>\t\r\n\t\t\t<div class=\"post_content clearfix\">\r\n\t\t\t\t\t\t\r\n\t\t\t\t<div class=\"post_descr\">\r\n\t\t\t\t\n<p>Se modifica el orden del d\u00eda de la\u00a0Asamblea\u00a0General de la Sociedad Espa\u00f1ola para la Investigaci\u00f3n y Desarrollo en Rob\u00f3tica que se\u00a0envi\u00f3 en un correo anterior. Pido disculpas si ya has recibido la misma informaci\u00f3n por otros medios.<\/p>\n\n\n\n<p>Fecha: 24\/11\/2022<br>Horario: 17h40 a 18h50<br>Lugar: aula Magna del Paraninfo de la Universidad de Zaragoza, Plaza Basilio Para\u00edso, 4, Zaragoza<\/p>\n\n\n\n<p>Nuevo orden del d\u00eda:1. Aprobaci\u00f3n del acta anterior<br>2. Informe del Presidente<br>3. Solicitud de Red de Rob\u00f3tica e Interacci\u00f3n con Humanos<br>4. Aprobaci\u00f3n de cuentas<br>5. Propuesta de ingresos\/gastos 2023<br>6. Renovaci\u00f3n de la Junta Directiva<br>7. Candidaturas para la celebraci\u00f3n de la conferencia ROBOT2024<br>8. Ruegos y preguntas<\/p>\n\n\n\n<p><\/p>\n\t\t\t\t<\/div>\r\n\r\n\t\t\t<\/div>\t<!-- \/.post_content -->\r\n\r\n\t\t<\/div>\t<!-- \/.post_item -->\r\n\r\n\t\t\t<div class=\"post_item post_item_excerpt post_featured_center post_format_standard even post-869 post type-post status-publish format-standard hentry category-news\">\r\n\t\t\t<h3 class=\"post_title\"><a href=\"https:\/\/seidrob.es\/en\/convocatoria-asamblea-general-seidrob\/\">Convocatoria Asamblea General SEIDROB<\/a><\/h3>\t\r\n\t\t\t<div class=\"post_content clearfix\">\r\n\t\t\t\t\t\t\r\n\t\t\t\t<div class=\"post_descr\">\r\n\t\t\t\t\n<p>se convoca la Asamblea General de la Sociedad Espa\u00f1ola de Investigaci\u00f3n y Desarrollo de la Rob\u00f3tica que tendr\u00e1 lugar durante la conferencia ROBOT2022&nbsp;que se celebrar\u00e1 en Zaragoza del 23 al 25 de noviembre de 2022 en el Paraninfo de la Universidad de Zaragoza.<\/p>\n\n\n\n<p>Fecha: 24\/11\/2022<br>Horario: 17h40 a 18h50<br>Lugar: aula Magna del Paraninfo de la Universidad de Zaragoza, Plaza Basilio Para\u00edso, 4, Zaragoza<\/p>\n\n\n\n<p>Orden del d\u00eda:<\/p>\n\n\n\n<p>&#8211; Aprobaci\u00f3n del acta anterior<br>&#8211; Informe del Presidente<br>&#8211; Solicitud de Red de Rob\u00f3tica e Interacci\u00f3n con Humanos\u00a0<br>&#8211; Aprobaci\u00f3n de cuentas<br>&#8211; Propuesta de ingresos\/gastos 2022-2023<br>&#8211; Renovaci\u00f3n de la Junta Directiva<br>&#8211; Candidaturas para la celebraci\u00f3n ROBOT2023<br>&#8211; Ruegos y preguntas<\/p>\n\n\n\n<p><\/p>\n\t\t\t\t<\/div>\r\n\r\n\t\t\t<\/div>\t<!-- \/.post_content -->\r\n\r\n\t\t<\/div>\t<!-- \/.post_item -->\r\n\r\n\t\t\t<div class=\"post_item post_item_excerpt post_featured_center post_format_standard odd last post-871 post type-post status-publish format-standard hentry category-news\">\r\n\t\t\t<h3 class=\"post_title\"><a href=\"https:\/\/seidrob.es\/en\/robot2022-call-for-participation-3-weeks-left\/\">ROBOT2022: Call for Participation &#8211; 3 weeks left!<\/a><\/h3>\t\r\n\t\t\t<div class=\"post_content clearfix\">\r\n\t\t\t\t\t\t\r\n\t\t\t\t<div class=\"post_descr\">\r\n\t\t\t\t\n<p>&#8212;&#8212;&#8212;&#8212;&#8212;&#8212;&#8212;&#8212;&#8212;&#8212;&#8212;&#8212;&#8212;&#8212;&#8212;&#8212;&#8212;&#8212;&#8212;&#8212;&#8212;&#8212;&#8212;<\/p>\n\n\n\n<p>&nbsp;&nbsp;&nbsp;&nbsp;&nbsp;&nbsp;&nbsp;&nbsp;&nbsp;&nbsp;&nbsp;&nbsp;&nbsp;&nbsp;&nbsp;&nbsp;&nbsp;&nbsp;&nbsp;&nbsp;&nbsp;&nbsp;&nbsp;Call for Participation<\/p>\n\n\n\n<p>&nbsp;&nbsp;&nbsp;&nbsp;&nbsp;&nbsp;&nbsp;&nbsp;&nbsp;&nbsp;&nbsp;ROBOT2022 &#8211; Fifth Iberian Robotics Conference<\/p>\n\n\n\n<p>&nbsp;&nbsp;&nbsp;&nbsp;&nbsp;&nbsp;&nbsp;&nbsp;&nbsp;&nbsp;&nbsp;&nbsp;&nbsp;&nbsp;&nbsp;&nbsp;&nbsp;&nbsp;&nbsp;<a href=\"https:\/\/urldefense.com\/v3\/__http:\/\/iberianroboticsconf.eu__;!!D9dNQwwGXtA!S5PrP8fICzCMdhAl3WelCuqg3WYILqWRn11gDlbNhppOTRd9ZxPef8JePQwuuUtESK4EM6ZX3e2qRfdXYw$\" target=\"_blank\" rel=\"noreferrer noopener\">http:\/\/iberianroboticsconf.eu<\/a><\/p>\n\n\n\n<p>&nbsp;&nbsp;&nbsp;&nbsp;&nbsp;&nbsp;&nbsp;&nbsp;&nbsp;&nbsp;&nbsp;&nbsp;&nbsp;&nbsp;&nbsp;&nbsp;&nbsp;&nbsp;&nbsp;&nbsp;&nbsp;&nbsp;November 23 &#8211; 25, 2022<\/p>\n\n\n\n<p>&nbsp;&nbsp;&nbsp;&nbsp;&nbsp;&nbsp;&nbsp;&nbsp;&nbsp;&nbsp;&nbsp;&nbsp;&nbsp;&nbsp;&nbsp;&nbsp;&nbsp;&nbsp; &nbsp;&nbsp;&nbsp;&nbsp;&nbsp;&nbsp;&nbsp;Zaragoza, Spain&nbsp;<\/p>\n\n\n\n<p>&#8212;&#8212;&#8212;&#8212;&#8212;&#8212;&#8212;&#8212;&#8212;&#8212;&#8212;&#8212;&#8212;&#8212;&#8212;&#8212;&#8212;&#8212;&#8212;&#8212;&#8212;&#8212;&#8212;<\/p>\n\n\n\n<p>Conference Scope<\/p>\n\n\n\n<p>ROBOT2022, the Fifth Iberian Robotics Conference, will take place in Zaragoza, Spain, from 23 to 25 November 2022, following the four previous editions held in Madrid in 2013, Lisbon in 2015, Seville in 2017 and Porto in 2019.<\/p>\n\n\n\n<p>ROBOT2022 is Organized by: SEIDROB \u2013 Sociedad Espa\u00f1ola para la Investigaci\u00f3n y Desarrollo en Rob\u00f3tica, and SPR \u2013 Sociedade Portuguesa de Rob\u00f3tica<\/p>\n\n\n\n<p>ROBOT2022 main goal is to continue the precedent efforts in showing the robotic research and development of new applications in the Iberian Peninsula. Although focused on the works developed at Iberia the conference is open for good quality submissions from any country in the world.<\/p>\n\n\n\n<p>We are hereby inviting any interested parties to attend the conference. Please pass on the information to your colleagues that might be interested.<\/p>\n\n\n\n<p><\/p>\n\n\n\n<p>Keynote Speakers<\/p>\n\n\n\n<p>Wednesday, November 23<\/p>\n\n\n\n<p>&nbsp;&nbsp;&nbsp;&nbsp;Anibal Ollero, University of Seville, Spain<\/p>\n\n\n\n<p>Thursday, November 24<\/p>\n\n\n\n<p>&nbsp;&nbsp;&nbsp;&nbsp;Estela Bicho, University of Minho, Portugal<\/p>\n\n\n\n<p>&nbsp;&nbsp;&nbsp;&nbsp;Wolfram Burgard, University of Technology Nuremberg, Germany<\/p>\n\n\n\n<p>Friday, November 25<\/p>\n\n\n\n<p>&nbsp;&nbsp;&nbsp;&nbsp;Margarita Chli, Cyprus University of Technology, Cyprus<\/p>\n\n\n\n<p><\/p>\n\n\n\n<p>Special Sessions<\/p>\n\n\n\n<p>Besides the General Track on all days of the conference, the following Special Sessions will take place:<\/p>\n\n\n\n<p>Wednesday, November 23<\/p>\n\n\n\n<p>&nbsp;&nbsp;&nbsp;&nbsp;Machine Learning in Robotics<\/p>\n\n\n\n<p>&nbsp;&nbsp;&nbsp;&nbsp;Educational Robotics&nbsp;&nbsp;&nbsp;&nbsp;<\/p>\n\n\n\n<p>&nbsp;&nbsp;&nbsp;&nbsp;Rehabilitation and Assistive Robotics<\/p>\n\n\n\n<p>&nbsp;&nbsp;&nbsp;&nbsp;Intelligent Robotics<\/p>\n\n\n\n<p>Thursday, November 24<\/p>\n\n\n\n<p>&nbsp;&nbsp;&nbsp;&nbsp;Workshop on Physical Agents<\/p>\n\n\n\n<p>&nbsp;&nbsp;&nbsp;&nbsp;Mobile Robot Olfaction<\/p>\n\n\n\n<p>&nbsp;&nbsp;&nbsp;&nbsp;Project Presentations<\/p>\n\n\n\n<p>Friday, November 25<\/p>\n\n\n\n<p>&nbsp;&nbsp;&nbsp;&nbsp;Multi-Robot for Industrial Applications<\/p>\n\n\n\n<p>&nbsp;&nbsp;&nbsp;&nbsp;Multi-Robot Systems Challenges<\/p>\n\n\n\n<p>&nbsp;&nbsp;&nbsp;&nbsp;Service Robotics in Challenging Environments<\/p>\n\n\n\n<p>&nbsp;&nbsp;&nbsp;&nbsp;Versatile and Heterogeneous Robots in Agriculture<\/p>\n\n\n\n<p>&nbsp;&nbsp;&nbsp;&nbsp;Unmanned Aerial Vehicle Applications<\/p>\n\n\n\n<p><\/p>\n\n\n\n<p>Social Program<\/p>\n\n\n\n<p>Wednesday, November 23<\/p>\n\n\n\n<p>&nbsp;&nbsp;&nbsp;&nbsp;13:40 Welcome Reception<\/p>\n\n\n\n<p>&nbsp;&nbsp;&nbsp;&nbsp;18:00 Visit of the Aljafer\u00eda Palace<\/p>\n\n\n\n<p>Thursday, November 24<\/p>\n\n\n\n<p>&nbsp;&nbsp;&nbsp;&nbsp;18:50 City Tour<\/p>\n\n\n\n<p>&nbsp;&nbsp;&nbsp;&nbsp;20:45 Banquet<\/p>\n\n\n\n<p>Friday, November 25<\/p>\n\n\n\n<p>&nbsp;&nbsp;&nbsp;&nbsp;14:30 Farewell Cocktail<\/p>\n\n\n\n<p><\/p>\n\n\n\n<p>Special Events&nbsp;&nbsp;&nbsp;&nbsp;<\/p>\n\n\n\n<p>Thursday, November 24<\/p>\n\n\n\n<p>&nbsp;&nbsp;&nbsp;&nbsp;MathWorks Masterclass: Teaching Robotics with Matlab<\/p>\n\n\n\n<p>Friday, November 25<\/p>\n\n\n\n<p>Roundtable discussion<\/p>\n\n\n\n<p><\/p>\n\n\n\n<p>ROBOT2022 Conference Chairs<\/p>\n\n\n\n<p>Danilo Tardioli &#8211; Centro Universitario de la Defensa \/ I3A University of Zaragoza, Spain<br>Vicente Matell\u00e1n &#8211; University of Le\u00f3n, Spain<br>Guillermo Heredia &#8211; University de Sevilla, Spain<br>Manuel F. Silva &#8211; INESC TEC &amp; ISEP\/Porto Polytechnic, Portugal<br>Lino Marques &#8211; University of Coimbra, Portugal<\/p>\n\n\n\n<p>We hope to see you in beautiful Zaragoza!<\/p>\n\n\n\n<figure class=\"wp-block-embed\"><div class=\"wp-block-embed__wrapper\">\nhttps:\/\/www.iberianroboticsconf.eu\/\n<\/div><\/figure>\n\t\t\t\t<\/div>\r\n\r\n\t\t\t<\/div>\t<!-- \/.post_content -->\r\n\r\n\t\t<\/div>\t<!-- \/.post_item -->\r\n\r\n\t<\/div>[\/vc_column][\/vc_row]<\/p>\n","protected":false},"excerpt":{"rendered":"<p>[vc_row][vc_column][vc_column_text] Spanish Society for Research and Development in\u00a0Robotics [\/vc_column_text][vc_separator color=&#8221;custom&#8221; border_width=&#8221;3&#8243; accent_color=&#8221;#004299&#8243;][vc_empty_space][vc_single_image image=&#8221;323&#8243; img_size=&#8221;full&#8221;][vc_empty_space][vc_column_text]SEIDROB was established in November 2011 in response to the growing interest in research and development in robotics, integrating the efforts of existing associations, groups and networks. The founding members were researchers from seven universities and three research centres who were actively [&hellip;]<\/p>\n","protected":false},"author":3,"featured_media":0,"parent":0,"menu_order":0,"comment_status":"closed","ping_status":"open","template":"","meta":{"_monsterinsights_skip_tracking":false,"_monsterinsights_sitenote_active":false,"_monsterinsights_sitenote_note":"","_monsterinsights_sitenote_category":0,"footnotes":""},"class_list":["post-50","page","type-page","status-publish","hentry"],"translation":{"provider":"WPGlobus","version":"3.0.1","language":"en","enabled_languages":["es","en"],"languages":{"es":{"title":true,"content":true,"excerpt":false},"en":{"title":true,"content":true,"excerpt":false}}},"_links":{"self":[{"href":"https:\/\/seidrob.es\/en\/wp-json\/wp\/v2\/pages\/50","targetHints":{"allow":["GET"]}}],"collection":[{"href":"https:\/\/seidrob.es\/en\/wp-json\/wp\/v2\/pages"}],"about":[{"href":"https:\/\/seidrob.es\/en\/wp-json\/wp\/v2\/types\/page"}],"author":[{"embeddable":true,"href":"https:\/\/seidrob.es\/en\/wp-json\/wp\/v2\/users\/3"}],"replies":[{"embeddable":true,"href":"https:\/\/seidrob.es\/en\/wp-json\/wp\/v2\/comments?post=50"}],"version-history":[{"count":33,"href":"https:\/\/seidrob.es\/en\/wp-json\/wp\/v2\/pages\/50\/revisions"}],"predecessor-version":[{"id":744,"href":"https:\/\/seidrob.es\/en\/wp-json\/wp\/v2\/pages\/50\/revisions\/744"}],"wp:attachment":[{"href":"https:\/\/seidrob.es\/en\/wp-json\/wp\/v2\/media?parent=50"}],"curies":[{"name":"wp","href":"https:\/\/api.w.org\/{rel}","templated":true}]}}