{"id":166,"date":"2012-02-16T16:54:21","date_gmt":"2012-02-16T15:54:21","guid":{"rendered":"http:\/\/www.seidrob.es\/?page_id=166"},"modified":"2022-01-12T10:28:27","modified_gmt":"2022-01-12T09:28:27","slug":"premios","status":"publish","type":"page","link":"https:\/\/seidrob.es\/en\/premios\/","title":{"rendered":"Awards"},"content":{"rendered":"<p>[vc_row][vc_column]<h1 class=\"sc_title sc_title_regular\"><strong>SEIDROB\/SPR Award for best Iberian PhD Thesis in Robotics<\/strong><\/h1>[vc_column_text]The Sociedad Espa\u00f1ola para la Investigaci\u00f3n y desarrollo en Rob\u00f3tica (SEIDROB) and the Sociedade Portuguesa de Rob\u00f3tica (SPR) convene a prize for the best Iberian PhD Thesis in the field of Robotics for students who have defended their PhD in the 2017\/18 and 2018\/19 academic courses, until July 31, 2019.<\/p>\n<p>The prize is endowed with <strong>900 euros<\/strong> for the winner; winner and finalist will also receive an accrediting diploma.<\/p>\n<p>The innovation contributed by the work as well as the experimental validation of the results and the number and quality of the (accepted) publications that have emerged from the PhD that have as authors the student author of the work and the advisor will be evaluated.<\/p>\n<p>Students can submit their application by completing the form accessible at the address\u00a0<a href=\"https:\/\/form.jotformeu.com\/70295862255361\">https:\/\/form.jotformeu.com\/70295862255361<\/a> also attaching the PhD in PDF format.<\/p>\n<p><strong>NOTE: <\/strong>The student must be a SEIDROB or a SPR student member for the year 2019. The advisor must be an individual SEIDROB or SPR member or, alternatively in the case of SEIDROB, his\/her institution must be an institutional partner.<\/p>\n<p>To become SEIDROB member, please follow the instructions at the web page <a href=\"https:\/\/seidrob.es\/en\/inscripcion\/\">https:\/\/seidrob.es\/en\/inscripcion\/<\/a><\/p>\n<p>To become SPR member, please follow the instructions at <a href=\"http:\/\/www.sprobotica.pt\/index.php?option=com_content&#038;view=article&#038;id=54&#038;Itemid=72\">this web page<\/a>.<\/p>\n<p>The deadline for submission is July, 31, 2019.[\/vc_column_text][\/vc_column][\/vc_row][vc_row][vc_column]<h2 class=\"sc_title sc_title_regular\"><\/p>\n<p align=\"justify\"><span lang=\"en-US\">SEIDROB\/SPR Award for best Iberian PhD Thesis in Robotics<\/span><\/p>\n<p><\/h2>[vc_column_text]<\/p>\n<p align=\"justify\"><span lang=\"en-US\">The Sociedad Espa\u00f1ola para la Investigaci\u00f3n y desarrollo en Rob\u00f3tica (SEIDROB) and the Sociedade Portuguesa de Rob\u00f3tica (SPR) convene a prize for the best Iberian PhD Thesis in the field of Robotics for students who have defended their PhD in the 2015\/16 and 2016\/17 academic courses, until July 31, 2017.<\/span><\/p>\n<p align=\"justify\"><span lang=\"en-US\">The prize is endowed with <strong>600 euros<\/strong> for the winner; winner and finalist will also receive an accrediting diploma.<\/span><\/p>\n<p align=\"justify\"><span lang=\"en-US\">The innovation contributed by the work as well as the experimental validation of the results and the number and quality of the (accepted) publications that have emerged from the PhD that have as authors the student author of the work and the advisor will be evaluated.<\/span><\/p>\n<p align=\"justify\"><span lang=\"en-US\">Students can submit their application by completing the form accessible at the address<\/span><\/p>\n<p align=\"justify\"><a href=\"https:\/\/form.jotformeu.com\/70295862255361\"><span lang=\"en-US\">https:\/\/form.jotformeu.com\/70295862255361<\/span><\/a><\/p>\n<p align=\"justify\"><span lang=\"en-US\">also attaching the PhD in PDF format.<\/span><\/p>\n<p align=\"justify\"><strong><span lang=\"en-US\">NOTE: <\/span><\/strong><span lang=\"en-US\">The student must be a SEIDROB or a SPR student member for the year 2017. The advisor must be an individual SEIDROB or SPR member or, alternatively in the case of SEIDROB, his\/her institution must be an institutional partner. <\/span><\/p>\n<p align=\"justify\"><span lang=\"en-US\">To become SEIDROB member, please follow the instructions at the web page <\/span><a href=\"https:\/\/seidrob.es\/en\/inscripcion\/\"><span lang=\"en-US\">https:\/\/seidrob.es\/en\/inscripcion\/<\/span><\/a><\/p>\n<p align=\"justify\"><span lang=\"en-US\">To become SPR member, please follow the instructions at <a href=\"http:\/\/www.sprobotica.pt\/index.php?option=com_content&#038;view=article&#038;id=54&#038;Itemid=72\" target=\"_blank\" rel=\"noopener\">this web page<\/a>.<\/span><\/p>\n<p align=\"justify\"><span lang=\"en-US\">The deadline for submission is July, 31, 2017.<\/span><\/p>\n<p>[\/vc_column_text][\/vc_column][\/vc_row][vc_row el_class=&#8221;oculto&#8221;][vc_column][vc_column_text]<strong>TFGROB<\/strong><\/p>\n<p style=\"text-align: justify;\">The winner of the award TFGROB 2014 to the best end of studies project on robotics was Fernando Rubio Perona, directed by\u00a0Marta Julia Flores\u00a0Gallego and\u00a0Jes\u00fas Mart\u00ednez G\u00f3mez, from the\u00a0Universidad de Castilla la\u00a0Mancha. The award was presented in the \u201cSecond Robotics Iberian Robotics\u00a0Conference\u201d <a href=\"https:\/\/web.fe.up.pt\/~robot2015\/\" target=\"_blank\" rel=\"noopener\">Robot 2015<\/a>,\u00a0celebrated in Lisbon on November 19-21 2015.<\/p>\n<p>[\/vc_column_text][\/vc_column][\/vc_row]<\/p>\n","protected":false},"excerpt":{"rendered":"<p>[vc_row][vc_column][vc_column_text]The Sociedad Espa\u00f1ola para la Investigaci\u00f3n y desarrollo en Rob\u00f3tica (SEIDROB) and the Sociedade Portuguesa de Rob\u00f3tica (SPR) convene a prize for the best Iberian PhD Thesis in the field of Robotics for students who have defended their PhD in the 2017\/18 and 2018\/19 academic courses, until July 31, 2019. The prize is endowed with [&hellip;]<\/p>\n","protected":false},"author":3,"featured_media":0,"parent":0,"menu_order":5,"comment_status":"closed","ping_status":"closed","template":"","meta":{"_monsterinsights_skip_tracking":false,"_monsterinsights_sitenote_active":false,"_monsterinsights_sitenote_note":"","_monsterinsights_sitenote_category":0,"footnotes":""},"class_list":["post-166","page","type-page","status-publish","hentry"],"translation":{"provider":"WPGlobus","version":"3.0.1","language":"en","enabled_languages":["es","en"],"languages":{"es":{"title":true,"content":true,"excerpt":false},"en":{"title":true,"content":true,"excerpt":false}}},"_links":{"self":[{"href":"https:\/\/seidrob.es\/en\/wp-json\/wp\/v2\/pages\/166","targetHints":{"allow":["GET"]}}],"collection":[{"href":"https:\/\/seidrob.es\/en\/wp-json\/wp\/v2\/pages"}],"about":[{"href":"https:\/\/seidrob.es\/en\/wp-json\/wp\/v2\/types\/page"}],"author":[{"embeddable":true,"href":"https:\/\/seidrob.es\/en\/wp-json\/wp\/v2\/users\/3"}],"replies":[{"embeddable":true,"href":"https:\/\/seidrob.es\/en\/wp-json\/wp\/v2\/comments?post=166"}],"version-history":[{"count":29,"href":"https:\/\/seidrob.es\/en\/wp-json\/wp\/v2\/pages\/166\/revisions"}],"predecessor-version":[{"id":840,"href":"https:\/\/seidrob.es\/en\/wp-json\/wp\/v2\/pages\/166\/revisions\/840"}],"wp:attachment":[{"href":"https:\/\/seidrob.es\/en\/wp-json\/wp\/v2\/media?parent=166"}],"curies":[{"name":"wp","href":"https:\/\/api.w.org\/{rel}","templated":true}]}}