{"id":15,"date":"2012-01-04T18:56:15","date_gmt":"2012-01-04T17:56:15","guid":{"rendered":"http:\/\/seidrob.utopiafactory.com\/?page_id=15"},"modified":"2018-09-05T12:35:33","modified_gmt":"2018-09-05T10:35:33","slug":"contacto","status":"publish","type":"page","link":"https:\/\/seidrob.es\/en\/contacto\/","title":{"rendered":"Contact us"},"content":{"rendered":"<p style=\"padding-left: 30px;\"><a href=\"mailto:secretaria@seidrob.es\">secretaria@seidrob.es<\/a><\/p>\n<address style=\"text-align: center;\">\u00a0<\/address>\n<address style=\"text-align: center;\">\u00a0<\/address>\n<address style=\"text-align: center;\">\u00a0<\/address>\n<address style=\"text-align: center;\">SECRETAR\u00cdA DE LA SOCIEDAD ESPA\u00d1OLA PARA LA INVESTIGACI\u00d3N Y DESARROLLO EN ROBOTICA<br \/>\nInstituto de Investigaci\u00f3n en Ingenier\u00eda de Arag\u00f3n (I3A), Campus Rio Ebro\u00a0Edificio I+D<\/address>\n<address style=\"text-align: center;\">c\/ Mariano Esquillor s\/n<\/address>\n<address style=\"text-align: center;\">50018 Zaragoza\u00a0<\/address>\n","protected":false},"excerpt":{"rendered":"<p>secretaria@seidrob.es \u00a0 \u00a0 \u00a0 SECRETAR\u00cdA DE LA SOCIEDAD ESPA\u00d1OLA PARA LA INVESTIGACI\u00d3N Y DESARROLLO EN ROBOTICA Instituto de Investigaci\u00f3n en Ingenier\u00eda de Arag\u00f3n (I3A), Campus Rio Ebro\u00a0Edificio I+D c\/ Mariano Esquillor s\/n 50018 Zaragoza\u00a0<\/p>\n","protected":false},"author":3,"featured_media":0,"parent":0,"menu_order":9,"comment_status":"closed","ping_status":"closed","template":"","meta":{"_monsterinsights_skip_tracking":false,"_monsterinsights_sitenote_active":false,"_monsterinsights_sitenote_note":"","_monsterinsights_sitenote_category":0,"footnotes":""},"class_list":["post-15","page","type-page","status-publish","hentry"],"translation":{"provider":"WPGlobus","version":"3.0.1","language":"en","enabled_languages":["es","en"],"languages":{"es":{"title":true,"content":true,"excerpt":false},"en":{"title":true,"content":true,"excerpt":false}}},"_links":{"self":[{"href":"https:\/\/seidrob.es\/en\/wp-json\/wp\/v2\/pages\/15","targetHints":{"allow":["GET"]}}],"collection":[{"href":"https:\/\/seidrob.es\/en\/wp-json\/wp\/v2\/pages"}],"about":[{"href":"https:\/\/seidrob.es\/en\/wp-json\/wp\/v2\/types\/page"}],"author":[{"embeddable":true,"href":"https:\/\/seidrob.es\/en\/wp-json\/wp\/v2\/users\/3"}],"replies":[{"embeddable":true,"href":"https:\/\/seidrob.es\/en\/wp-json\/wp\/v2\/comments?post=15"}],"version-history":[{"count":4,"href":"https:\/\/seidrob.es\/en\/wp-json\/wp\/v2\/pages\/15\/revisions"}],"predecessor-version":[{"id":620,"href":"https:\/\/seidrob.es\/en\/wp-json\/wp\/v2\/pages\/15\/revisions\/620"}],"wp:attachment":[{"href":"https:\/\/seidrob.es\/en\/wp-json\/wp\/v2\/media?parent=15"}],"curies":[{"name":"wp","href":"https:\/\/api.w.org\/{rel}","templated":true}]}}