{"id":11,"date":"2012-01-04T18:54:41","date_gmt":"2012-01-04T17:54:41","guid":{"rendered":"http:\/\/seidrob.utopiafactory.com\/?page_id=11"},"modified":"2019-11-19T12:41:54","modified_gmt":"2019-11-19T11:41:54","slug":"eventos","status":"publish","type":"page","link":"https:\/\/seidrob.es\/en\/eventos\/","title":{"rendered":"Events"},"content":{"rendered":"<p>[vc_row][vc_column][vc_column_text]<\/p>\n<h1>SEIDROB will continue the organization\u00a0of events<\/h1>\n<p>[\/vc_column_text][\/vc_column][\/vc_row][vc_row][vc_column][vc_empty_space][vc_separator color=&#8221;custom&#8221; accent_color=&#8221;#004299&#8243;][vc_column_text]<\/p>\n<div>\n<p><b>Tutorial on Aerial Robotic Manipulation at IROS 2018<\/b><\/p>\n<p>The Robotics, Vision and Control group (<a href=\"https:\/\/grvc.us.es\/\" target=\"_blank\" rel=\"noopener\" data-saferedirecturl=\"https:\/\/www.google.com\/url?q=https:\/\/grvc.us.es\/&#038;source=gmail&#038;ust=1536309798662000&#038;usg=AFQjCNEv8LNvbMr7NNmlU44JLIZ-6otiKg\">GRVC<\/a>) of the University of Seville organizes a full-day tutorial on\u00a0<a href=\"https:\/\/grvc.us.es\/iros18tutorial\/\" target=\"_blank\" rel=\"noopener\" data-saferedirecturl=\"https:\/\/www.google.com\/url?q=https:\/\/grvc.us.es\/iros18tutorial\/&#038;source=gmail&#038;ust=1536309798662000&#038;usg=AFQjCNHSTldpPZ6puwiwu1PUIxGrmowXrg\">Aerial Robotic Manipulation<\/a>\u00a0at the IROS 2018 conference, that will be held in Madrid on October 5th, 2018. The tutorial provides an introduction to the theory and practice of aerial manipulation. Aerial manipulators are aerial robots with attached mechatronic devices as robotic arms or grippers, which are able to grasp, transport, position and manipulate objects and apply forces to the environment. The design, control and sensing of aerial manipulators present differences and challenges with respect to aerial robots that are the focus of this tutorial.<\/p>\n<p>The mechatronic design of aerial manipulators is severely limited by the payload of the aerial platform. Installing arms with several DOFs involves the use of compact actuators, which also constraint the payload of the arm itself and its capacity to apply forces. Then, aerial manipulator controllers have to deal with the dynamic coupling of the movement of the arms, the disturbances of the contact forces and the weight of grasped objects. Additionally to the usual sensors in aerial robots, proprioceptive sensing of the state of the arms and mechanical devices is important for controller development. As aerial manipulators fly and interact closely with the environment, perception for estimation of relative pose with respect to the objects and the environment is critical. This tutorial aims at addressing all these issues from a practical point of view, introducing the different problems and presenting solutions that have been tested in practice in different applications.<\/p>\n<\/div>\n<div><\/div>\n<div>More information can be found at:\u00a0<a href=\"https:\/\/grvc.us.es\/iros18tutorial\/\" target=\"_blank\" rel=\"noopener\" data-saferedirecturl=\"https:\/\/www.google.com\/url?q=https:\/\/grvc.us.es\/iros18tutorial\/&#038;source=gmail&#038;ust=1536309798662000&#038;usg=AFQjCNHSTldpPZ6puwiwu1PUIxGrmowXrg\">https:\/\/grvc.us.es\/<wbr \/>iros18tutorial\/<\/a><\/div>\n<p>[\/vc_column_text][\/vc_column][\/vc_row][vc_row][vc_column][vc_separator color=&#8221;custom&#8221; border_width=&#8221;3&#8243; accent_color=&#8221;#004299&#8243;][vc_empty_space][vc_column_text]<\/p>\n<h2>ROBOT&#8217;2017: Third Iberian Robotics Conference November 22-24, 2017 Escuela T\u00e9cnica Superior de Ingenier\u00eda, Sevilla (Spain)<\/h2>\n<p>ROBOT\u00b42017 (<a href=\"https:\/\/grvc.us.es\/robot2017\/\" target=\"_blank\" rel=\"noopener\">https:\/\/grvc.us.es\/robot2017\/<\/a>) follows the First Iberian Robotics Conference held in Madrid in 2013 and the Second Iberian Robotics Conference held in Lisbon in 2015. These previous and successful events, both from the viewpoint of their scientific and technical quality, and for the important number of attending<br \/>\ndelegates, have motivated us in organizing ROBOT 2017.<\/p>\n<p>The conference will explore the future of robotics and relations of Robotics\u00a0with other fields in its frontiers. The conference will include a Round<br \/>\nTable organized by CDTI to discuss the industrial collaboration and to present success stories of these collaborations.<\/p>\n<p>As in previous editions, the conference proceedings will be published by Springer &#8211; Advances in Intelligent Systems and Computing Series, indexed by<br \/>\nThomson ISI Web of Knowledge and SCOPUS. Extended versions of the conference best papers will also be published in Special Issues of top Journals.<\/p>\n<p>Robot\u20192017 is Organized by Sociedad Espa\u00f1ola para la Investigaci\u00f3n y Desarrollo en Rob\u00f3tica (SEIDROB) and the Sociedade Portuguesa de Rob\u00f3tica<br \/>\n(SPR), with the collaboration of the \u201cRed de Agentes F\u00edsicos\u201d and the support of the Spanish Network for Robotics and Mechatronics (REDROM).<\/p>\n<p>IMPORTANT DATES<br \/>\nPaper Submission: June 30, 2017<br \/>\nNotification: July 24, 2017<br \/>\nEarly Registration: September 7, 2017<br \/>\nCamera Ready: September 7, 2017<br \/>\nConference:\u00a0 November 22-24, 2017[\/vc_column_text][\/vc_column][\/vc_row][vc_row][vc_column][vc_empty_space][vc_separator color=&#8221;custom&#8221; border_width=&#8221;3&#8243; accent_color=&#8221;#004299&#8243;][vc_empty_space][vc_column_text]<\/p>\n<h2 class=\"page_title\">Workshop &#8220;Robotics and unmanned systems for security applications&#8221;<\/h2>\n<p>Next December 2, 2016, the Workshop \u201cRobotics and Unmanned Systems for Security Applications\u201d will take place in Madrid co-organized by the \u201cSpanish Society for Research and Development on Robotics (SEIDROB)\u201d, in collaboration with the \u201cRobotics and Mechatronics Spanish Robotics Network (REDROM)\u201d and several projects.<\/p>\n<p>The Program includes Sessions on Programmes and Needs (Presentations of government agencies and police services related to Research, Development and Innovation), Systems and Applications developed by industries and Results of universities and research centres.<\/p>\n<p>Detailed information can be found <strong><a href=\"https:\/\/redrom.es\/en\/workshop-robotica-sistemas-no-tripulados-aplicaciones-seguridad\/\">here<\/a><\/strong> where it is also possible to download the presentations.<\/p>\n<h2>Workshop &#8220;Robotics for Inspection and Maintenance&#8221;<\/h2>\n<p>Next July 7th the\u00a0Workshop &#8220;Robotics for Inspection and Maintenance&#8221; will take place in Madrid organized by\u00a0&#8220;Robotics and Mechatronics Spanish Robotics Network (REDROM)&#8221; and\u00a0&#8220;Spanish Society for Research and Development on Robotics (SEIDROB)&#8221;, \u00a0in collaboration with\u00a0H2020 projects. Detailed information can be found\u00a0<strong><a href=\"http:\/\/redrom.es\/en\/workshop-robotica-aplicaciones-inspeccion-mantenimiento\/\" target=\"_blank\" rel=\"noopener\">here<\/a><\/strong>.<\/p>\n<p>The Programme includes, besides dedicated sessions for the H2020 (Anne\u00a0Bajart, European Commission\u00a0y Reinhard Lafrenz, euRobotics) and funding in Spain (Enrique Pelayo and Carlos\u00a0Toledo, CDTI), two sessions with presentations about robotics applications and technologies relevant for the inspection and maintenance.[\/vc_column_text][\/vc_column][\/vc_row][vc_row][vc_column][vc_separator color=&#8221;custom&#8221; border_width=&#8221;3&#8243; accent_color=&#8221;#004299&#8243;][vc_empty_space][vc_column_text]<\/p>\n<h2>ROBOT 2015<\/h2>\n<p>The Second Iberian Robotics Conference (Robot 2015) took place in Lisbon\u00a0(Portugal) on November 19-21 2015 and it also had a great success. The local organizer was the Portuguese Robotics Society.<\/p>\n<p><a href=\"https:\/\/web.fe.up.pt\/~robot2015\/\" target=\"_blank\" rel=\"noreferrer noopener\" data-saferedirecturl=\"https:\/\/www.google.com\/url?q=https:\/\/web.fe.up.pt\/~robot2015\/&#038;source=gmail&#038;ust=1467701432257000&#038;usg=AFQjCNHcS8PYBhwfCE1VUlS99zq5Y6CBrA\">https:\/\/web.fe.up.pt\/~robot201<wbr \/>5\/<\/a>[\/vc_column_text][vc_empty_space][vc_row_inner][vc_column_inner width=&#8221;1\/2&#8243;][vc_single_image image=&#8221;140&#8243; img_size=&#8221;full&#8221;][vc_empty_space][vc_single_image image=&#8221;141&#8243; img_size=&#8221;full&#8221;][vc_empty_space][vc_single_image image=&#8221;142&#8243; img_size=&#8221;full&#8221;][vc_empty_space][vc_single_image image=&#8221;146&#8243; img_size=&#8221;full&#8221;][\/vc_column_inner][vc_column_inner width=&#8221;1\/2&#8243;][vc_single_image image=&#8221;147&#8243; img_size=&#8221;full&#8221; alignment=&#8221;right&#8221;][vc_empty_space][vc_single_image image=&#8221;143&#8243; img_size=&#8221;full&#8221; alignment=&#8221;right&#8221;][vc_empty_space][vc_single_image image=&#8221;144&#8243; img_size=&#8221;full&#8221; alignment=&#8221;right&#8221;][vc_empty_space][vc_single_image image=&#8221;145&#8243; img_size=&#8221;full&#8221; alignment=&#8221;right&#8221;][\/vc_column_inner][\/vc_row_inner][vc_empty_space][\/vc_column][\/vc_row]<\/p>\n","protected":false},"excerpt":{"rendered":"<p>[vc_row][vc_column][vc_column_text] SEIDROB will continue the organization\u00a0of events [\/vc_column_text][\/vc_column][\/vc_row][vc_row][vc_column][vc_empty_space][vc_separator color=&#8221;custom&#8221; accent_color=&#8221;#004299&#8243;][vc_column_text] Tutorial on Aerial Robotic Manipulation at IROS 2018 The Robotics, Vision and Control group (GRVC) of the University of Seville organizes a full-day tutorial on\u00a0Aerial Robotic Manipulation\u00a0at the IROS 2018 conference, that will be held in Madrid on October 5th, 2018. The tutorial provides an [&hellip;]<\/p>\n","protected":false},"author":3,"featured_media":0,"parent":0,"menu_order":7,"comment_status":"closed","ping_status":"closed","template":"","meta":{"_monsterinsights_skip_tracking":false,"_monsterinsights_sitenote_active":false,"_monsterinsights_sitenote_note":"","_monsterinsights_sitenote_category":0,"footnotes":""},"class_list":["post-11","page","type-page","status-publish","hentry"],"translation":{"provider":"WPGlobus","version":"3.0.1","language":"en","enabled_languages":["es","en"],"languages":{"es":{"title":true,"content":true,"excerpt":false},"en":{"title":true,"content":true,"excerpt":false}}},"_links":{"self":[{"href":"https:\/\/seidrob.es\/en\/wp-json\/wp\/v2\/pages\/11","targetHints":{"allow":["GET"]}}],"collection":[{"href":"https:\/\/seidrob.es\/en\/wp-json\/wp\/v2\/pages"}],"about":[{"href":"https:\/\/seidrob.es\/en\/wp-json\/wp\/v2\/types\/page"}],"author":[{"embeddable":true,"href":"https:\/\/seidrob.es\/en\/wp-json\/wp\/v2\/users\/3"}],"replies":[{"embeddable":true,"href":"https:\/\/seidrob.es\/en\/wp-json\/wp\/v2\/comments?post=11"}],"version-history":[{"count":25,"href":"https:\/\/seidrob.es\/en\/wp-json\/wp\/v2\/pages\/11\/revisions"}],"predecessor-version":[{"id":735,"href":"https:\/\/seidrob.es\/en\/wp-json\/wp\/v2\/pages\/11\/revisions\/735"}],"wp:attachment":[{"href":"https:\/\/seidrob.es\/en\/wp-json\/wp\/v2\/media?parent=11"}],"curies":[{"name":"wp","href":"https:\/\/api.w.org\/{rel}","templated":true}]}}